{"id":800,"date":"2022-08-17T10:19:02","date_gmt":"2022-08-17T10:19:02","guid":{"rendered":"https:\/\/eequinox.com\/realizations\/"},"modified":"2023-01-12T18:16:54","modified_gmt":"2023-01-12T18:16:54","slug":"realizations","status":"publish","type":"page","link":"https:\/\/eequinox.com\/en\/realizations\/","title":{"rendered":"Realizations"},"content":{"rendered":"\t\t<div data-elementor-type=\"wp-page\" data-elementor-id=\"800\" class=\"elementor elementor-800 elementor-477\" data-elementor-post-type=\"page\">\n\t\t\t\t\t\t<section class=\"elementor-section elementor-top-section elementor-element elementor-element-422a93f elementor-section-full_width elementor-section-height-min-height elementor-section-height-default elementor-section-items-middle\" data-id=\"422a93f\" data-element_type=\"section\" data-settings=\"{&quot;background_background&quot;:&quot;classic&quot;,&quot;jet_parallax_layout_list&quot;:[]}\">\n\t\t\t\t\t\t\t<div class=\"elementor-background-overlay\"><\/div>\n\t\t\t\t\t\t\t<div class=\"elementor-container elementor-column-gap-default\">\n\t\t\t\t\t<div class=\"elementor-column elementor-col-100 elementor-top-column elementor-element elementor-element-e60dc3e\" data-id=\"e60dc3e\" data-element_type=\"column\">\n\t\t\t<div class=\"elementor-widget-wrap elementor-element-populated\">\n\t\t\t\t\t\t<div class=\"elementor-element elementor-element-b3ec502 elementor-widget elementor-widget-heading\" data-id=\"b3ec502\" data-element_type=\"widget\" data-widget_type=\"heading.default\">\n\t\t\t\t<div class=\"elementor-widget-container\">\n\t\t\t\t\t<h1 class=\"elementor-heading-title elementor-size-default\">Realizations<\/h1>\t\t\t\t<\/div>\n\t\t\t\t<\/div>\n\t\t\t\t\t<\/div>\n\t\t<\/div>\n\t\t\t\t\t<\/div>\n\t\t<\/section>\n\t\t\t\t<section class=\"elementor-section elementor-top-section elementor-element elementor-element-31cab9d elementor-section-full_width elementor-section-height-default elementor-section-height-default\" data-id=\"31cab9d\" data-element_type=\"section\" data-settings=\"{&quot;jet_parallax_layout_list&quot;:[]}\">\n\t\t\t\t\t\t<div class=\"elementor-container elementor-column-gap-default\">\n\t\t\t\t\t<div class=\"elementor-column elementor-col-100 elementor-top-column elementor-element elementor-element-90b0745\" data-id=\"90b0745\" data-element_type=\"column\">\n\t\t\t<div class=\"elementor-widget-wrap elementor-element-populated\">\n\t\t\t\t\t\t<div class=\"elementor-element elementor-element-bfdf743 elementor-widget elementor-widget-text-editor\" data-id=\"bfdf743\" data-element_type=\"widget\" data-widget_type=\"text-editor.default\">\n\t\t\t\t<div class=\"elementor-widget-container\">\n\t\t\t\t\t\t\t\t\t<p>Our projects reduce GHG emissions for a greener future. Here are some of our realizations, examples of our vision and unique approach.<\/p>\n\t\t\t\t\t\t\t\t<\/div>\n\t\t\t\t<\/div>\n\t\t\t\t\t<\/div>\n\t\t<\/div>\n\t\t\t\t\t<\/div>\n\t\t<\/section>\n\t\t\t\t<section class=\"elementor-section elementor-top-section elementor-element elementor-element-031dc6d elementor-section-full_width elementor-section-height-default elementor-section-height-default\" data-id=\"031dc6d\" data-element_type=\"section\" data-settings=\"{&quot;jet_parallax_layout_list&quot;:[]}\">\n\t\t\t\t\t\t<div class=\"elementor-container elementor-column-gap-default\">\n\t\t\t\t\t<div class=\"elementor-column elementor-col-100 elementor-top-column elementor-element elementor-element-001a957\" data-id=\"001a957\" data-element_type=\"column\">\n\t\t\t<div class=\"elementor-widget-wrap elementor-element-populated\">\n\t\t\t\t\t\t<div class=\"elementor-element elementor-element-a88856b elementor-widget elementor-widget-heading\" data-id=\"a88856b\" data-element_type=\"widget\" data-widget_type=\"heading.default\">\n\t\t\t\t<div class=\"elementor-widget-container\">\n\t\t\t\t\t<h1 class=\"elementor-heading-title elementor-size-default\">Our realizations<br> in photos<\/h1>\t\t\t\t<\/div>\n\t\t\t\t<\/div>\n\t\t\t\t\t<\/div>\n\t\t<\/div>\n\t\t\t\t\t<\/div>\n\t\t<\/section>\n\t\t\t\t<section class=\"elementor-section elementor-top-section elementor-element elementor-element-9e69c9e elementor-section-full_width elementor-section-height-default elementor-section-height-default\" data-id=\"9e69c9e\" data-element_type=\"section\" data-settings=\"{&quot;jet_parallax_layout_list&quot;:[]}\">\n\t\t\t\t\t\t<div class=\"elementor-container elementor-column-gap-default\">\n\t\t\t\t\t<div class=\"elementor-column elementor-col-100 elementor-top-column elementor-element elementor-element-2983dff\" data-id=\"2983dff\" data-element_type=\"column\">\n\t\t\t<div class=\"elementor-widget-wrap elementor-element-populated\">\n\t\t\t\t\t\t<div class=\"elementor-element elementor-element-5c7e19d elementor-widget elementor-widget-jet-portfolio\" data-id=\"5c7e19d\" data-element_type=\"widget\" data-settings=\"{&quot;columns_mobile&quot;:&quot;1&quot;,&quot;columns&quot;:3}\" data-widget_type=\"jet-portfolio.default\">\n\t\t\t\t<div class=\"elementor-widget-container\">\n\t\t\t\t\t<div class=\"elementor-jet-portfolio jet-elements\">\n<div class=\"jet-portfolio layout-type-grid preset-type-4 layout-desktop-column-3  layout-mobile-column-1\" data-settings=\"{&quot;layoutType&quot;:&quot;grid&quot;,&quot;perPage&quot;:6}\"><div class=\"jet-portfolio__list\"><article class=\"jet-portfolio__item visible-status\" data-slug=\"{&quot;0&quot;:&quot;all&quot;}\">\n\t<div class=\"jet-portfolio__inner \">\n\t\t<a class=\"jet-portfolio__link \" href=\"https:\/\/eequinox.com\/wp-content\/uploads\/2022\/08\/3-scaled.jpg\" data-elementor-open-lightbox=\"yes\">\n\t\t\t<div class=\"jet-portfolio__image\">\n\t\t\t\t<img loading=\"lazy\" decoding=\"async\" class=\"jet-portfolio__image-instance\" src=\"https:\/\/eequinox.com\/wp-content\/uploads\/2022\/08\/3-scaled.jpg\" width=\"2560\" height=\"1725\"  alt=\"3\" loading=\"lazy\">\t\t\t\t<div class=\"jet-portfolio__image-loader\"><span><\/span><\/div>\n\t\t\t<\/div>\n\t\t<\/a>\n\t\t<div class=\"jet-portfolio__content\">\n\t\t\t<div class=\"jet-portfolio__content-inner\"><p class=\"jet-portfolio__desc\">Client : Soci\u00e9t\u00e9 de d\u00e9veloppement Angus<\/br>\r\nBuilding : Carr\u00e9 Saint-Laurent<\/br>\r\nDescription : Controls optimization CVAC\r\n<\/p><\/div>\n\t\t<\/div>\n\t<\/div>\n<\/article><article class=\"jet-portfolio__item visible-status\" data-slug=\"{&quot;0&quot;:&quot;all&quot;}\">\n\t<div class=\"jet-portfolio__inner \">\n\t\t<a class=\"jet-portfolio__link \" href=\"https:\/\/eequinox.com\/wp-content\/uploads\/2022\/08\/4.jpg\" data-elementor-open-lightbox=\"yes\">\n\t\t\t<div class=\"jet-portfolio__image\">\n\t\t\t\t<img loading=\"lazy\" decoding=\"async\" class=\"jet-portfolio__image-instance\" src=\"https:\/\/eequinox.com\/wp-content\/uploads\/2022\/08\/4.jpg\" width=\"2096\" height=\"1615\"  alt=\"4\" loading=\"lazy\">\t\t\t\t<div class=\"jet-portfolio__image-loader\"><span><\/span><\/div>\n\t\t\t<\/div>\n\t\t<\/a>\n\t\t<div class=\"jet-portfolio__content\">\n\t\t\t<div class=\"jet-portfolio__content-inner\"><p class=\"jet-portfolio__desc\">Client : Soci\u00e9t\u00e9 de d\u00e9veloppement Angus<\/br>\r\nBuilding : Building Bernard Lamarre<\/br>\r\nDescription : Energy Savings Project - Drawings and specifications \r\n<\/p><\/div>\n\t\t<\/div>\n\t<\/div>\n<\/article><article class=\"jet-portfolio__item visible-status\" data-slug=\"{&quot;0&quot;:&quot;all&quot;}\">\n\t<div class=\"jet-portfolio__inner \">\n\t\t<a class=\"jet-portfolio__link \" href=\"https:\/\/eequinox.com\/wp-content\/uploads\/2022\/08\/1-scaled.jpg\" data-elementor-open-lightbox=\"yes\">\n\t\t\t<div class=\"jet-portfolio__image\">\n\t\t\t\t<img loading=\"lazy\" decoding=\"async\" class=\"jet-portfolio__image-instance\" src=\"https:\/\/eequinox.com\/wp-content\/uploads\/2022\/08\/1-scaled.jpg\" width=\"2560\" height=\"1441\"  alt=\"1\" loading=\"lazy\">\t\t\t\t<div class=\"jet-portfolio__image-loader\"><span><\/span><\/div>\n\t\t\t<\/div>\n\t\t<\/a>\n\t\t<div class=\"jet-portfolio__content\">\n\t\t\t<div class=\"jet-portfolio__content-inner\"><p class=\"jet-portfolio__desc\">Client : Western University<\/br>\r\nBuilding : Thermal power station<\/br>\r\nDescription : Energy saving project and installation of a cooling tower - Drawings and specifications \r\n<\/p><\/div>\n\t\t<\/div>\n\t<\/div>\n<\/article><article class=\"jet-portfolio__item visible-status\" data-slug=\"{&quot;0&quot;:&quot;all&quot;}\">\n\t<div class=\"jet-portfolio__inner \">\n\t\t<a class=\"jet-portfolio__link \" href=\"https:\/\/eequinox.com\/wp-content\/uploads\/2022\/08\/2-scaled.jpg\" data-elementor-open-lightbox=\"yes\">\n\t\t\t<div class=\"jet-portfolio__image\">\n\t\t\t\t<img loading=\"lazy\" decoding=\"async\" class=\"jet-portfolio__image-instance\" src=\"https:\/\/eequinox.com\/wp-content\/uploads\/2022\/08\/2-scaled.jpg\" width=\"2560\" height=\"1714\"  alt=\"2\" loading=\"lazy\">\t\t\t\t<div class=\"jet-portfolio__image-loader\"><span><\/span><\/div>\n\t\t\t<\/div>\n\t\t<\/a>\n\t\t<div class=\"jet-portfolio__content\">\n\t\t\t<div class=\"jet-portfolio__content-inner\"><p class=\"jet-portfolio__desc\">Client : Zibi<\/br>\r\nBuilding : Thermal power station<\/br>\r\nDescription : Thermal power station Construction Project - Drawings and specifications \r\n<\/p><\/div>\n\t\t<\/div>\n\t<\/div>\n<\/article><article class=\"jet-portfolio__item visible-status\" data-slug=\"{&quot;0&quot;:&quot;all&quot;}\">\n\t<div class=\"jet-portfolio__inner \">\n\t\t<a class=\"jet-portfolio__link \" href=\"https:\/\/eequinox.com\/wp-content\/uploads\/2022\/08\/5-scaled.jpg\" data-elementor-open-lightbox=\"yes\">\n\t\t\t<div class=\"jet-portfolio__image\">\n\t\t\t\t<img loading=\"lazy\" decoding=\"async\" class=\"jet-portfolio__image-instance\" src=\"https:\/\/eequinox.com\/wp-content\/uploads\/2022\/08\/5-scaled.jpg\" width=\"2560\" height=\"1920\"  alt=\"5\" loading=\"lazy\">\t\t\t\t<div class=\"jet-portfolio__image-loader\"><span><\/span><\/div>\n\t\t\t<\/div>\n\t\t<\/a>\n\t\t<div class=\"jet-portfolio__content\">\n\t\t\t<div class=\"jet-portfolio__content-inner\"><p class=\"jet-portfolio__desc\">Client : Universit\u00e9 de Sherbrooke<\/br>\r\nBuilding : Pavilion C1\/C2<\/br>\r\nDescription : Retrocommissioning Project RCx.\r\n<\/p><\/div>\n\t\t<\/div>\n\t<\/div>\n<\/article><article class=\"jet-portfolio__item visible-status\" data-slug=\"{&quot;0&quot;:&quot;all&quot;}\">\n\t<div class=\"jet-portfolio__inner \">\n\t\t<a class=\"jet-portfolio__link \" href=\"https:\/\/eequinox.com\/wp-content\/uploads\/2022\/12\/8-scaled.jpg\" data-elementor-open-lightbox=\"yes\">\n\t\t\t<div class=\"jet-portfolio__image\">\n\t\t\t\t<img loading=\"lazy\" decoding=\"async\" class=\"jet-portfolio__image-instance\" src=\"https:\/\/eequinox.com\/wp-content\/uploads\/2022\/12\/8-scaled.jpg\" width=\"2560\" height=\"1920\"  alt=\"8\" loading=\"lazy\">\t\t\t\t<div class=\"jet-portfolio__image-loader\"><span><\/span><\/div>\n\t\t\t<\/div>\n\t\t<\/a>\n\t\t<div class=\"jet-portfolio__content\">\n\t\t\t<div class=\"jet-portfolio__content-inner\"><p class=\"jet-portfolio__desc\">Client : Universit\u00e9 Laval<\/br>\r\nBuilding : Pavilion Jean-Charles-Bonenfant<\/br>\r\nDescription : Feasibility study<\/p><\/div>\n\t\t<\/div>\n\t<\/div>\n<\/article><article class=\"jet-portfolio__item visible-status\" data-slug=\"{&quot;0&quot;:&quot;all&quot;}\">\n\t<div class=\"jet-portfolio__inner \">\n\t\t<a class=\"jet-portfolio__link \" href=\"https:\/\/eequinox.com\/wp-content\/uploads\/2022\/12\/9.jpg\" data-elementor-open-lightbox=\"yes\">\n\t\t\t<div class=\"jet-portfolio__image\">\n\t\t\t\t<img loading=\"lazy\" decoding=\"async\" class=\"jet-portfolio__image-instance\" src=\"https:\/\/eequinox.com\/wp-content\/uploads\/2022\/12\/9.jpg\" width=\"1537\" height=\"897\"  alt=\"9\" loading=\"lazy\">\t\t\t\t<div class=\"jet-portfolio__image-loader\"><span><\/span><\/div>\n\t\t\t<\/div>\n\t\t<\/a>\n\t\t<div class=\"jet-portfolio__content\">\n\t\t\t<div class=\"jet-portfolio__content-inner\"><p class=\"jet-portfolio__desc\">Client : Universit\u00e9 de Sherbrooke<\/br>\r\nBuilding :Pavilion D8<\/br>\r\nDescription : Energy saving project and construction of a new chilled water system \u2013 Drawings and specifications <\/p><\/div>\n\t\t<\/div>\n\t<\/div>\n<\/article><article class=\"jet-portfolio__item visible-status\" data-slug=\"{&quot;0&quot;:&quot;all&quot;}\">\n\t<div class=\"jet-portfolio__inner \">\n\t\t<a class=\"jet-portfolio__link \" href=\"https:\/\/eequinox.com\/wp-content\/uploads\/2022\/12\/10.jpg\" data-elementor-open-lightbox=\"yes\">\n\t\t\t<div class=\"jet-portfolio__image\">\n\t\t\t\t<img loading=\"lazy\" decoding=\"async\" class=\"jet-portfolio__image-instance\" src=\"https:\/\/eequinox.com\/wp-content\/uploads\/2022\/12\/10.jpg\" width=\"1520\" height=\"736\"  alt=\"10\" loading=\"lazy\">\t\t\t\t<div class=\"jet-portfolio__image-loader\"><span><\/span><\/div>\n\t\t\t<\/div>\n\t\t<\/a>\n\t\t<div class=\"jet-portfolio__content\">\n\t\t\t<div class=\"jet-portfolio__content-inner\"><p class=\"jet-portfolio__desc\">Client : Universit\u00e9 de Sherbrooke<\/br>\r\nBuilding :Pavilion Z5 et Z7<\/br>\r\nDescription : Energy saving project \u2013 Drawings and specifications <\/p><\/div>\n\t\t<\/div>\n\t<\/div>\n<\/article><article class=\"jet-portfolio__item visible-status\" data-slug=\"{&quot;0&quot;:&quot;all&quot;}\">\n\t<div class=\"jet-portfolio__inner \">\n\t\t<a class=\"jet-portfolio__link \" href=\"https:\/\/eequinox.com\/wp-content\/uploads\/2022\/12\/11.jpg\" data-elementor-open-lightbox=\"yes\">\n\t\t\t<div class=\"jet-portfolio__image\">\n\t\t\t\t<img loading=\"lazy\" decoding=\"async\" class=\"jet-portfolio__image-instance\" src=\"https:\/\/eequinox.com\/wp-content\/uploads\/2022\/12\/11.jpg\" width=\"1366\" height=\"946\"  alt=\"11\" loading=\"lazy\">\t\t\t\t<div class=\"jet-portfolio__image-loader\"><span><\/span><\/div>\n\t\t\t<\/div>\n\t\t<\/a>\n\t\t<div class=\"jet-portfolio__content\">\n\t\t\t<div class=\"jet-portfolio__content-inner\"><p class=\"jet-portfolio__desc\">Client : AIFTQ<\/br>\r\nBuilding: FTQ Building<\/br>\r\nDescription : Follow-up of the operation<\/p><\/div>\n\t\t<\/div>\n\t<\/div>\n<\/article><\/div><\/div>\n<\/div>\t\t\t\t<\/div>\n\t\t\t\t<\/div>\n\t\t\t\t\t<\/div>\n\t\t<\/div>\n\t\t\t\t\t<\/div>\n\t\t<\/section>\n\t\t\t\t<\/div>\n\t\t","protected":false},"excerpt":{"rendered":"<p>Realizations Our projects reduce GHG emissions for a greener future. Here are some of our realizations, examples of our vision and unique approach. Our realizations in photos Client : Soci\u00e9t\u00e9 de d\u00e9veloppement Angus Building : Carr\u00e9 Saint-Laurent Description : Controls optimization CVAC Client : Soci\u00e9t\u00e9 de d\u00e9veloppement Angus Building : Building Bernard Lamarre Description : [&hellip;]<\/p>\n","protected":false},"author":1,"featured_media":0,"parent":0,"menu_order":0,"comment_status":"closed","ping_status":"closed","template":"","meta":{"footnotes":""},"class_list":["post-800","page","type-page","status-publish","hentry"],"_links":{"self":[{"href":"https:\/\/eequinox.com\/en\/wp-json\/wp\/v2\/pages\/800","targetHints":{"allow":["GET"]}}],"collection":[{"href":"https:\/\/eequinox.com\/en\/wp-json\/wp\/v2\/pages"}],"about":[{"href":"https:\/\/eequinox.com\/en\/wp-json\/wp\/v2\/types\/page"}],"author":[{"embeddable":true,"href":"https:\/\/eequinox.com\/en\/wp-json\/wp\/v2\/users\/1"}],"replies":[{"embeddable":true,"href":"https:\/\/eequinox.com\/en\/wp-json\/wp\/v2\/comments?post=800"}],"version-history":[{"count":10,"href":"https:\/\/eequinox.com\/en\/wp-json\/wp\/v2\/pages\/800\/revisions"}],"predecessor-version":[{"id":1083,"href":"https:\/\/eequinox.com\/en\/wp-json\/wp\/v2\/pages\/800\/revisions\/1083"}],"wp:attachment":[{"href":"https:\/\/eequinox.com\/en\/wp-json\/wp\/v2\/media?parent=800"}],"curies":[{"name":"wp","href":"https:\/\/api.w.org\/{rel}","templated":true}]}}